{"id":91,"date":"2016-07-20T18:28:03","date_gmt":"2016-07-20T16:28:03","guid":{"rendered":"http:\/\/orpailleur.loria.fr\/?page_id=91"},"modified":"2024-10-27T15:20:15","modified_gmt":"2024-10-27T14:20:15","slug":"members","status":"publish","type":"page","link":"https:\/\/orpailleur.loria.fr\/index.php\/members\/","title":{"rendered":"Members"},"content":{"rendered":"<div class=\"entry-content\">\n<h3>Permanent members<\/h3>\n<ul>\n<li><a href=\"https:\/\/members.loria.fr\/ANapoli\/\">Napoli Amedeo<\/a> \u2013 DR CNRS (Senior Researcher)<\/li>\n<li><a href=\"https:\/\/members.loria.fr\/mcouceiro\/\">Couceiro Miguel<\/a> (Professor, Associate Researcher)<\/li>\n<li>Toussaint Yannick (Professor)<\/li>\n<li><a href=\"https:\/\/sites.google.com\/site\/lydiaboudjeloud\/\">Lydia Boudjeloud-Assala<\/a> (Associate Professor)<\/li>\n<li>Alexandre Blansch\u00e9 (Associate Professor)<\/li>\n<li>Brieuc Conan-Guez (Associate Professor)<\/li>\n<li>Alain G\u00e9ly (Associate Professor)<\/li>\n<li><a href=\"http:\/\/www.metz.supelec.fr\/metz\/personnel\/pennerath\/\">Fr\u00e9d\u00e9ric Pennerath<\/a> (Associate Professor)<\/li>\n<\/ul>\n<\/div>\n<div class=\"entry-content\">\n<h3>PhD Students<\/h3>\n<ul>\n<li>Abbas Nacira<\/li>\n<li>Alves Guilherme<\/li>\n<li>Baril Ambroise<\/li>\n<li>Blanche Adrien<\/li>\n<li>Laure Crochepierre<\/li>\n<li>Fellaji Mohammed<\/li>\n<li>F\u00e9lix Gaschi<\/li>\n<li>Huber Laurine<\/li>\n<li>Theobald Claire<\/li>\n<li>Zanella Laura<\/li>\n<li>Zervakis Georgios<\/li>\n<\/ul>\n<\/div>\n","protected":false},"excerpt":{"rendered":"<p>Permanent members Napoli Amedeo \u2013 DR CNRS (Senior Researcher) Couceiro Miguel (Professor, Associate Researcher) Toussaint Yannick (Professor) Lydia Boudjeloud-Assala (Associate Professor) Alexandre Blansch\u00e9 (Associate Professor) Brieuc Conan-Guez (Associate Professor) Alain G\u00e9ly (Associate Professor) Fr\u00e9d\u00e9ric Pennerath (Associate Professor) PhD Students Abbas Nacira Alves Guilherme Baril Ambroise Blanche Adrien Laure Crochepierre Fellaji Mohammed F\u00e9lix Gaschi Huber Laurine [&hellip;]<\/p>\n","protected":false},"author":3,"featured_media":0,"parent":0,"menu_order":1,"comment_status":"closed","ping_status":"closed","template":"","meta":{"footnotes":""},"class_list":["post-91","page","type-page","status-publish","hentry"],"_links":{"self":[{"href":"https:\/\/orpailleur.loria.fr\/index.php\/wp-json\/wp\/v2\/pages\/91","targetHints":{"allow":["GET"]}}],"collection":[{"href":"https:\/\/orpailleur.loria.fr\/index.php\/wp-json\/wp\/v2\/pages"}],"about":[{"href":"https:\/\/orpailleur.loria.fr\/index.php\/wp-json\/wp\/v2\/types\/page"}],"author":[{"embeddable":true,"href":"https:\/\/orpailleur.loria.fr\/index.php\/wp-json\/wp\/v2\/users\/3"}],"replies":[{"embeddable":true,"href":"https:\/\/orpailleur.loria.fr\/index.php\/wp-json\/wp\/v2\/comments?post=91"}],"version-history":[{"count":20,"href":"https:\/\/orpailleur.loria.fr\/index.php\/wp-json\/wp\/v2\/pages\/91\/revisions"}],"predecessor-version":[{"id":464,"href":"https:\/\/orpailleur.loria.fr\/index.php\/wp-json\/wp\/v2\/pages\/91\/revisions\/464"}],"wp:attachment":[{"href":"https:\/\/orpailleur.loria.fr\/index.php\/wp-json\/wp\/v2\/media?parent=91"}],"curies":[{"name":"wp","href":"https:\/\/api.w.org\/{rel}","templated":true}]}}